{"id":1450,"date":"2019-08-01T09:29:21","date_gmt":"2019-08-01T09:29:21","guid":{"rendered":"https:\/\/milmascaras.es\/services\/diseno-y-desarrollo-web-apps\/"},"modified":"2022-12-02T18:03:45","modified_gmt":"2022-12-02T18:03:45","slug":"web-app-design-and-development","status":"publish","type":"page","link":"https:\/\/milmascaras.es\/en\/services\/web-app-design-and-development\/","title":{"rendered":"Web &#038; App Design and development"},"content":{"rendered":"<h3>What we do<\/h3>\r\n<ul>\r\n \t<li>Website consultant<\/li>\r\n \t<li>Android &amp; iOS Apps<\/li>\r\n \t<li>Wireframing<\/li>\r\n \t<li>UX\/UI design<\/li>\r\n \t<li>Frontend development<\/li>\r\n \t<li>SEO campaigns<\/li>\r\n \t<li>SEM campaigns<\/li>\r\n \t<li>Online marketing<\/li>\r\n \t<li>Maintenance and updating web services.<\/li>\r\n<\/ul>\r\nAnd a long etcetera of whatever you can come up with!","protected":false},"excerpt":{"rendered":"<p>What we do Website consultant Android &amp; iOS Apps Wireframing UX\/UI design Frontend development SEO campaigns SEM campaigns Online marketing Maintenance and updating web services. And a long etcetera of whatever you can come up with!<\/p>\n","protected":false},"author":3,"featured_media":0,"parent":1933,"menu_order":0,"comment_status":"closed","ping_status":"closed","template":"","meta":{"footnotes":""},"class_list":["post-1450","page","type-page","status-publish","hentry"],"yoast_head":"<!-- This site is optimized with the Yoast SEO plugin v27.2 - https:\/\/yoast.com\/product\/yoast-seo-wordpress\/ -->\n<title>Web &amp; App Design and development que simplemente funcionan | Mil M\u00e1scaras<\/title>\n<meta name=\"description\" content=\"Consultor\u00eda web, dise\u00f1o y desarrollo de p\u00e1ginas web y apps Android y iOS. Dise\u00f1o UX\/UI, desarrollo frontend y backend. Visita nuestro sitio web ahora.\" \/>\n<meta name=\"robots\" content=\"index, follow, max-snippet:-1, max-image-preview:large, max-video-preview:-1\" \/>\n<link rel=\"canonical\" href=\"https:\/\/milmascaras.es\/en\/services\/web-app-design-and-development\/\" \/>\n<meta property=\"og:locale\" content=\"en_US\" \/>\n<meta property=\"og:type\" content=\"article\" \/>\n<meta property=\"og:title\" content=\"Web &amp; App Design and development que simplemente funcionan | Mil M\u00e1scaras\" \/>\n<meta property=\"og:description\" content=\"Consultor\u00eda web, dise\u00f1o y desarrollo de p\u00e1ginas web y apps Android y iOS. Dise\u00f1o UX\/UI, desarrollo frontend y backend. Visita nuestro sitio web ahora.\" \/>\n<meta property=\"og:url\" content=\"https:\/\/milmascaras.es\/en\/services\/web-app-design-and-development\/\" \/>\n<meta property=\"og:site_name\" content=\"Mil M\u00e1scaras\" \/>\n<meta property=\"article:publisher\" content=\"https:\/\/www.facebook.com\/milmascarasweb\/\" \/>\n<meta property=\"article:modified_time\" content=\"2022-12-02T18:03:45+00:00\" \/>\n<meta name=\"twitter:card\" content=\"summary_large_image\" \/>\n<script type=\"application\/ld+json\" class=\"yoast-schema-graph\">{\"@context\":\"https:\/\/schema.org\",\"@graph\":[{\"@type\":\"WebPage\",\"@id\":\"https:\/\/milmascaras.es\/en\/services\/web-app-design-and-development\/\",\"url\":\"https:\/\/milmascaras.es\/en\/services\/web-app-design-and-development\/\",\"name\":\"Web & App Design and development que simplemente funcionan | Mil M\u00e1scaras\",\"isPartOf\":{\"@id\":\"https:\/\/milmascaras.es\/en\/#website\"},\"datePublished\":\"2019-08-01T09:29:21+00:00\",\"dateModified\":\"2022-12-02T18:03:45+00:00\",\"description\":\"Consultor\u00eda web, dise\u00f1o y desarrollo de p\u00e1ginas web y apps Android y iOS. Dise\u00f1o UX\/UI, desarrollo frontend y backend. Visita nuestro sitio web ahora.\",\"breadcrumb\":{\"@id\":\"https:\/\/milmascaras.es\/en\/services\/web-app-design-and-development\/#breadcrumb\"},\"inLanguage\":\"en-US\",\"potentialAction\":[{\"@type\":\"ReadAction\",\"target\":[\"https:\/\/milmascaras.es\/en\/services\/web-app-design-and-development\/\"]}]},{\"@type\":\"BreadcrumbList\",\"@id\":\"https:\/\/milmascaras.es\/en\/services\/web-app-design-and-development\/#breadcrumb\",\"itemListElement\":[{\"@type\":\"ListItem\",\"position\":1,\"name\":\"Portada\",\"item\":\"https:\/\/milmascaras.es\/en\/\"},{\"@type\":\"ListItem\",\"position\":2,\"name\":\"Services\",\"item\":\"https:\/\/milmascaras.es\/en\/servicios\/\"},{\"@type\":\"ListItem\",\"position\":3,\"name\":\"Web &#038; App Design and development\"}]},{\"@type\":\"WebSite\",\"@id\":\"https:\/\/milmascaras.es\/en\/#website\",\"url\":\"https:\/\/milmascaras.es\/en\/\",\"name\":\"Mil M\u00e1scaras\",\"description\":\"\",\"publisher\":{\"@id\":\"https:\/\/milmascaras.es\/en\/#organization\"},\"potentialAction\":[{\"@type\":\"SearchAction\",\"target\":{\"@type\":\"EntryPoint\",\"urlTemplate\":\"https:\/\/milmascaras.es\/en\/?s={search_term_string}\"},\"query-input\":{\"@type\":\"PropertyValueSpecification\",\"valueRequired\":true,\"valueName\":\"search_term_string\"}}],\"inLanguage\":\"en-US\"},{\"@type\":\"Organization\",\"@id\":\"https:\/\/milmascaras.es\/en\/#organization\",\"name\":\"Mil M\u00e1scaras\",\"url\":\"https:\/\/milmascaras.es\/en\/\",\"logo\":{\"@type\":\"ImageObject\",\"inLanguage\":\"en-US\",\"@id\":\"https:\/\/milmascaras.es\/en\/#\/schema\/logo\/image\/\",\"url\":\"https:\/\/milmascaras.es\/wp-content\/uploads\/2019\/01\/logo-mil-mascaras.png\",\"contentUrl\":\"https:\/\/milmascaras.es\/wp-content\/uploads\/2019\/01\/logo-mil-mascaras.png\",\"width\":300,\"height\":95,\"caption\":\"Mil M\u00e1scaras\"},\"image\":{\"@id\":\"https:\/\/milmascaras.es\/en\/#\/schema\/logo\/image\/\"},\"sameAs\":[\"https:\/\/www.facebook.com\/milmascarasweb\/\",\"https:\/\/www.instagram.com\/milmascarasweb\/\",\"https:\/\/www.linkedin.com\/company\/milmascarassl\/\",\"https:\/\/www.youtube.com\/channel\/UCniHoNRSHqP2PXZmX9WynRw\"]}]}<\/script>\n<!-- \/ Yoast SEO plugin. -->","yoast_head_json":{"title":"Web & App Design and development que simplemente funcionan | Mil M\u00e1scaras","description":"Consultor\u00eda web, dise\u00f1o y desarrollo de p\u00e1ginas web y apps Android y iOS. Dise\u00f1o UX\/UI, desarrollo frontend y backend. Visita nuestro sitio web ahora.","robots":{"index":"index","follow":"follow","max-snippet":"max-snippet:-1","max-image-preview":"max-image-preview:large","max-video-preview":"max-video-preview:-1"},"canonical":"https:\/\/milmascaras.es\/en\/services\/web-app-design-and-development\/","og_locale":"en_US","og_type":"article","og_title":"Web & App Design and development que simplemente funcionan | Mil M\u00e1scaras","og_description":"Consultor\u00eda web, dise\u00f1o y desarrollo de p\u00e1ginas web y apps Android y iOS. Dise\u00f1o UX\/UI, desarrollo frontend y backend. Visita nuestro sitio web ahora.","og_url":"https:\/\/milmascaras.es\/en\/services\/web-app-design-and-development\/","og_site_name":"Mil M\u00e1scaras","article_publisher":"https:\/\/www.facebook.com\/milmascarasweb\/","article_modified_time":"2022-12-02T18:03:45+00:00","twitter_card":"summary_large_image","schema":{"@context":"https:\/\/schema.org","@graph":[{"@type":"WebPage","@id":"https:\/\/milmascaras.es\/en\/services\/web-app-design-and-development\/","url":"https:\/\/milmascaras.es\/en\/services\/web-app-design-and-development\/","name":"Web & App Design and development que simplemente funcionan | Mil M\u00e1scaras","isPartOf":{"@id":"https:\/\/milmascaras.es\/en\/#website"},"datePublished":"2019-08-01T09:29:21+00:00","dateModified":"2022-12-02T18:03:45+00:00","description":"Consultor\u00eda web, dise\u00f1o y desarrollo de p\u00e1ginas web y apps Android y iOS. Dise\u00f1o UX\/UI, desarrollo frontend y backend. Visita nuestro sitio web ahora.","breadcrumb":{"@id":"https:\/\/milmascaras.es\/en\/services\/web-app-design-and-development\/#breadcrumb"},"inLanguage":"en-US","potentialAction":[{"@type":"ReadAction","target":["https:\/\/milmascaras.es\/en\/services\/web-app-design-and-development\/"]}]},{"@type":"BreadcrumbList","@id":"https:\/\/milmascaras.es\/en\/services\/web-app-design-and-development\/#breadcrumb","itemListElement":[{"@type":"ListItem","position":1,"name":"Portada","item":"https:\/\/milmascaras.es\/en\/"},{"@type":"ListItem","position":2,"name":"Services","item":"https:\/\/milmascaras.es\/en\/servicios\/"},{"@type":"ListItem","position":3,"name":"Web &#038; App Design and development"}]},{"@type":"WebSite","@id":"https:\/\/milmascaras.es\/en\/#website","url":"https:\/\/milmascaras.es\/en\/","name":"Mil M\u00e1scaras","description":"","publisher":{"@id":"https:\/\/milmascaras.es\/en\/#organization"},"potentialAction":[{"@type":"SearchAction","target":{"@type":"EntryPoint","urlTemplate":"https:\/\/milmascaras.es\/en\/?s={search_term_string}"},"query-input":{"@type":"PropertyValueSpecification","valueRequired":true,"valueName":"search_term_string"}}],"inLanguage":"en-US"},{"@type":"Organization","@id":"https:\/\/milmascaras.es\/en\/#organization","name":"Mil M\u00e1scaras","url":"https:\/\/milmascaras.es\/en\/","logo":{"@type":"ImageObject","inLanguage":"en-US","@id":"https:\/\/milmascaras.es\/en\/#\/schema\/logo\/image\/","url":"https:\/\/milmascaras.es\/wp-content\/uploads\/2019\/01\/logo-mil-mascaras.png","contentUrl":"https:\/\/milmascaras.es\/wp-content\/uploads\/2019\/01\/logo-mil-mascaras.png","width":300,"height":95,"caption":"Mil M\u00e1scaras"},"image":{"@id":"https:\/\/milmascaras.es\/en\/#\/schema\/logo\/image\/"},"sameAs":["https:\/\/www.facebook.com\/milmascarasweb\/","https:\/\/www.instagram.com\/milmascarasweb\/","https:\/\/www.linkedin.com\/company\/milmascarassl\/","https:\/\/www.youtube.com\/channel\/UCniHoNRSHqP2PXZmX9WynRw"]}]}},"_links":{"self":[{"href":"https:\/\/milmascaras.es\/en\/wp-json\/wp\/v2\/pages\/1450","targetHints":{"allow":["GET"]}}],"collection":[{"href":"https:\/\/milmascaras.es\/en\/wp-json\/wp\/v2\/pages"}],"about":[{"href":"https:\/\/milmascaras.es\/en\/wp-json\/wp\/v2\/types\/page"}],"author":[{"embeddable":true,"href":"https:\/\/milmascaras.es\/en\/wp-json\/wp\/v2\/users\/3"}],"replies":[{"embeddable":true,"href":"https:\/\/milmascaras.es\/en\/wp-json\/wp\/v2\/comments?post=1450"}],"version-history":[{"count":0,"href":"https:\/\/milmascaras.es\/en\/wp-json\/wp\/v2\/pages\/1450\/revisions"}],"up":[{"embeddable":true,"href":"https:\/\/milmascaras.es\/en\/wp-json\/wp\/v2\/pages\/1933"}],"wp:attachment":[{"href":"https:\/\/milmascaras.es\/en\/wp-json\/wp\/v2\/media?parent=1450"}],"curies":[{"name":"wp","href":"https:\/\/api.w.org\/{rel}","templated":true}]}}